{"id":78,"date":"2022-10-27T14:47:56","date_gmt":"2022-10-27T14:47:56","guid":{"rendered":"https:\/\/comarruga80.cat\/?post_type=product&#038;p=78"},"modified":"2025-06-11T14:40:32","modified_gmt":"2025-06-11T14:40:32","slug":"croquetas-de-bacalao","status":"publish","type":"product","link":"https:\/\/comarruga80.cat\/ca\/producto\/croquetas-de-bacalao","title":{"rendered":"Croquetes de bacall\u00e0"},"content":{"rendered":"<p><strong style=\"font-size: 20px !important;\">3 unidades<\/strong><\/p>\n<h3><img loading=\"lazy\" decoding=\"async\" class=\"alignnone size-full wp-image-1695\" src=\"https:\/\/cdn.comarruga80.cat\/wp-content\/uploads\/2022\/10\/Comarruga-24.png\" alt=\"\" width=\"106\" height=\"40\" \/><img loading=\"lazy\" decoding=\"async\" class=\"alignnone size-full wp-image-1690\" src=\"https:\/\/cdn.comarruga80.cat\/wp-content\/uploads\/2022\/10\/Comarruga-19.png\" alt=\"\" width=\"110\" height=\"40\" \/><img loading=\"lazy\" decoding=\"async\" class=\"alignnone size-full wp-image-1699\" src=\"https:\/\/cdn.comarruga80.cat\/wp-content\/uploads\/2022\/10\/Comarruga-28.png\" alt=\"\" width=\"118\" height=\"40\" \/><img loading=\"lazy\" decoding=\"async\" class=\"alignnone size-full wp-image-1698\" src=\"https:\/\/cdn.comarruga80.cat\/wp-content\/uploads\/2022\/10\/Comarruga-27.png\" alt=\"\" width=\"116\" height=\"40\" \/><\/h3>\n<p><strong style=\"font-size: 20px !important;\">Puede contener trazas de<\/strong><br \/>\n<img loading=\"lazy\" decoding=\"async\" class=\"alignnone size-full wp-image-1689\" src=\"https:\/\/cdn.comarruga80.cat\/wp-content\/uploads\/2022\/10\/Comarruga-18.png\" alt=\"\" width=\"131\" height=\"40\" \/><img loading=\"lazy\" decoding=\"async\" class=\"alignnone size-full wp-image-1702\" src=\"https:\/\/cdn.comarruga80.cat\/wp-content\/uploads\/2022\/10\/Comarruga-31.png\" alt=\"\" width=\"92\" height=\"40\" \/><img loading=\"lazy\" decoding=\"async\" class=\"alignnone size-full wp-image-1691\" src=\"https:\/\/cdn.comarruga80.cat\/wp-content\/uploads\/2022\/10\/Comarruga-20.png\" alt=\"\" width=\"172\" height=\"40\" \/> <img loading=\"lazy\" decoding=\"async\" class=\"alignnone size-full wp-image-1692\" src=\"https:\/\/cdn.comarruga80.cat\/wp-content\/uploads\/2022\/10\/Comarruga-21.png\" alt=\"\" width=\"97\" height=\"40\" \/><img loading=\"lazy\" decoding=\"async\" class=\"alignnone size-full wp-image-1701\" src=\"https:\/\/cdn.comarruga80.cat\/wp-content\/uploads\/2022\/10\/Comarruga-30.png\" alt=\"\" width=\"120\" height=\"40\" \/><img loading=\"lazy\" decoding=\"async\" class=\"alignnone size-full wp-image-1700\" src=\"https:\/\/cdn.comarruga80.cat\/wp-content\/uploads\/2022\/10\/Comarruga-29.png\" alt=\"\" width=\"136\" height=\"40\" \/><\/p>","protected":false},"excerpt":{"rendered":"<p>Croquetes farcides de bacall\u00e0, un dels peixos m\u00e9s populars a tot el m\u00f3n. S\u00f3n ideals per compartir i picar alguna cosa. Les seves textures suaus fans d\u2019aquestes croquetes l\u2019opci\u00f3 perfecta per que els nens mengin peix.<\/p>","protected":false},"featured_media":108,"comment_status":"open","ping_status":"closed","template":"","meta":{"_et_pb_use_builder":"","_et_pb_old_content":"","_et_gb_content_width":"","_joinchat":[]},"product_brand":[],"product_cat":[16,15],"product_tag":[],"class_list":{"0":"post-78","1":"product","2":"type-product","3":"status-publish","4":"has-post-thumbnail","6":"product_cat-entrantes-y-acompanamientos","7":"product_cat-sin-categorizar","9":"first","10":"instock","11":"shipping-taxable","12":"purchasable","13":"product-type-simple"},"_links":{"self":[{"href":"https:\/\/comarruga80.cat\/ca\/wp-json\/wp\/v2\/product\/78","targetHints":{"allow":["GET"]}}],"collection":[{"href":"https:\/\/comarruga80.cat\/ca\/wp-json\/wp\/v2\/product"}],"about":[{"href":"https:\/\/comarruga80.cat\/ca\/wp-json\/wp\/v2\/types\/product"}],"replies":[{"embeddable":true,"href":"https:\/\/comarruga80.cat\/ca\/wp-json\/wp\/v2\/comments?post=78"}],"wp:featuredmedia":[{"embeddable":true,"href":"https:\/\/comarruga80.cat\/ca\/wp-json\/wp\/v2\/media\/108"}],"wp:attachment":[{"href":"https:\/\/comarruga80.cat\/ca\/wp-json\/wp\/v2\/media?parent=78"}],"wp:term":[{"taxonomy":"product_brand","embeddable":true,"href":"https:\/\/comarruga80.cat\/ca\/wp-json\/wp\/v2\/product_brand?post=78"},{"taxonomy":"product_cat","embeddable":true,"href":"https:\/\/comarruga80.cat\/ca\/wp-json\/wp\/v2\/product_cat?post=78"},{"taxonomy":"product_tag","embeddable":true,"href":"https:\/\/comarruga80.cat\/ca\/wp-json\/wp\/v2\/product_tag?post=78"}],"curies":[{"name":"wp","href":"https:\/\/api.w.org\/{rel}","templated":true}]}}