{"id":38,"date":"2022-10-27T14:47:32","date_gmt":"2022-10-27T14:47:32","guid":{"rendered":"https:\/\/comarruga80.cat\/?post_type=product&#038;p=38"},"modified":"2023-04-01T07:32:26","modified_gmt":"2023-04-01T07:32:26","slug":"pollo-a-last","status":"publish","type":"product","link":"https:\/\/comarruga80.cat\/ca\/producto\/pollo-a-last","title":{"rendered":"Pollo a l&#8217;ast"},"content":{"rendered":"","protected":false},"excerpt":{"rendered":"<p>El de toda la vida, asado como dicta la tradici\u00f3n. Sea para una reuni\u00f3n familiar o para aquellos d\u00edas que no sabes qu\u00e9 cocinar \u00a1este pollo al ast es la elecci\u00f3n perfecta!<\/p>","protected":false},"featured_media":68,"comment_status":"open","ping_status":"closed","template":"","meta":{"_et_pb_use_builder":"","_et_pb_old_content":"","_et_gb_content_width":"","_joinchat":[]},"product_brand":[],"product_cat":[18],"product_tag":[],"class_list":{"0":"post-38","1":"product","2":"type-product","3":"status-publish","4":"has-post-thumbnail","6":"product_cat-carnes","8":"first","9":"instock","10":"shipping-taxable","11":"purchasable","12":"product-type-simple"},"_links":{"self":[{"href":"https:\/\/comarruga80.cat\/ca\/wp-json\/wp\/v2\/product\/38","targetHints":{"allow":["GET"]}}],"collection":[{"href":"https:\/\/comarruga80.cat\/ca\/wp-json\/wp\/v2\/product"}],"about":[{"href":"https:\/\/comarruga80.cat\/ca\/wp-json\/wp\/v2\/types\/product"}],"replies":[{"embeddable":true,"href":"https:\/\/comarruga80.cat\/ca\/wp-json\/wp\/v2\/comments?post=38"}],"wp:featuredmedia":[{"embeddable":true,"href":"https:\/\/comarruga80.cat\/ca\/wp-json\/wp\/v2\/media\/68"}],"wp:attachment":[{"href":"https:\/\/comarruga80.cat\/ca\/wp-json\/wp\/v2\/media?parent=38"}],"wp:term":[{"taxonomy":"product_brand","embeddable":true,"href":"https:\/\/comarruga80.cat\/ca\/wp-json\/wp\/v2\/product_brand?post=38"},{"taxonomy":"product_cat","embeddable":true,"href":"https:\/\/comarruga80.cat\/ca\/wp-json\/wp\/v2\/product_cat?post=38"},{"taxonomy":"product_tag","embeddable":true,"href":"https:\/\/comarruga80.cat\/ca\/wp-json\/wp\/v2\/product_tag?post=38"}],"curies":[{"name":"wp","href":"https:\/\/api.w.org\/{rel}","templated":true}]}}