{"id":33,"date":"2022-10-27T14:47:32","date_gmt":"2022-10-27T14:47:32","guid":{"rendered":"https:\/\/comarruga80.cat\/?post_type=product&#038;p=33"},"modified":"2025-02-15T08:53:37","modified_gmt":"2025-02-15T08:53:37","slug":"manita-de-cerdo-%c2%bd","status":"publish","type":"product","link":"https:\/\/comarruga80.cat\/ca\/producto\/manita-de-cerdo-%c2%bd","title":{"rendered":"Peus de porc \u00bd"},"content":{"rendered":"<p><strong style=\"font-size: 20px !important;\">Raci\u00f3n de \u00bd manita de cerdo<\/strong><\/p>\n<p><img loading=\"lazy\" decoding=\"async\" class=\"alignnone size-full wp-image-1692\" src=\"https:\/\/cdn.comarruga80.cat\/wp-content\/uploads\/2022\/10\/Comarruga-21.png\" alt=\"\" width=\"97\" height=\"40\" \/><img loading=\"lazy\" decoding=\"async\" class=\"alignnone size-full wp-image-1691\" src=\"https:\/\/cdn.comarruga80.cat\/wp-content\/uploads\/2022\/10\/Comarruga-20.png\" alt=\"\" width=\"172\" height=\"40\" \/><img loading=\"lazy\" decoding=\"async\" class=\"alignnone size-full wp-image-1695\" src=\"https:\/\/cdn.comarruga80.cat\/wp-content\/uploads\/2022\/10\/Comarruga-24.png\" alt=\"\" width=\"106\" height=\"40\" \/><\/p>","protected":false},"excerpt":{"rendered":"<p>Si t\u2019agraden els guisats, aquest et semblar\u00e0 exquisit! Preparat amb salsa de xampinyons i p\u00e8sols, els peus de porc o \u00abpeus de ministre\u00bb s\u00f3n un plat t\u00edpic de la cultura gastron\u00f2mica catalana.<\/p>","protected":false},"featured_media":63,"comment_status":"open","ping_status":"closed","template":"","meta":{"_et_pb_use_builder":"","_et_pb_old_content":"","_et_gb_content_width":"","_joinchat":[]},"product_brand":[],"product_cat":[18],"product_tag":[],"class_list":{"0":"post-33","1":"product","2":"type-product","3":"status-publish","4":"has-post-thumbnail","6":"product_cat-carnes","8":"first","9":"instock","10":"shipping-taxable","11":"purchasable","12":"product-type-simple"},"_links":{"self":[{"href":"https:\/\/comarruga80.cat\/ca\/wp-json\/wp\/v2\/product\/33","targetHints":{"allow":["GET"]}}],"collection":[{"href":"https:\/\/comarruga80.cat\/ca\/wp-json\/wp\/v2\/product"}],"about":[{"href":"https:\/\/comarruga80.cat\/ca\/wp-json\/wp\/v2\/types\/product"}],"replies":[{"embeddable":true,"href":"https:\/\/comarruga80.cat\/ca\/wp-json\/wp\/v2\/comments?post=33"}],"wp:featuredmedia":[{"embeddable":true,"href":"https:\/\/comarruga80.cat\/ca\/wp-json\/wp\/v2\/media\/63"}],"wp:attachment":[{"href":"https:\/\/comarruga80.cat\/ca\/wp-json\/wp\/v2\/media?parent=33"}],"wp:term":[{"taxonomy":"product_brand","embeddable":true,"href":"https:\/\/comarruga80.cat\/ca\/wp-json\/wp\/v2\/product_brand?post=33"},{"taxonomy":"product_cat","embeddable":true,"href":"https:\/\/comarruga80.cat\/ca\/wp-json\/wp\/v2\/product_cat?post=33"},{"taxonomy":"product_tag","embeddable":true,"href":"https:\/\/comarruga80.cat\/ca\/wp-json\/wp\/v2\/product_tag?post=33"}],"curies":[{"name":"wp","href":"https:\/\/api.w.org\/{rel}","templated":true}]}}