{"id":28,"date":"2022-10-27T14:47:31","date_gmt":"2022-10-27T14:47:31","guid":{"rendered":"https:\/\/comarruga80.cat\/?post_type=product&#038;p=28"},"modified":"2025-02-15T08:51:56","modified_gmt":"2025-02-15T08:51:56","slug":"habas-a-la-catalana","status":"publish","type":"product","link":"https:\/\/comarruga80.cat\/ca\/producto\/habas-a-la-catalana","title":{"rendered":"Faves a la catalana"},"content":{"rendered":"<p><strong style=\"font-size: 20px !important;\">250g<\/strong><\/p>\n<p><img loading=\"lazy\" decoding=\"async\" class=\"alignnone size-full wp-image-1691\" src=\"https:\/\/cdn.comarruga80.cat\/wp-content\/uploads\/2022\/10\/Comarruga-20.png\" alt=\"\" width=\"172\" height=\"40\" \/><\/p>","protected":false},"excerpt":{"rendered":"<p>\u00bfQu\u00e8 succeeix quan barregem unes bones faves, botifarra negra de la millor qualitat, una mica de cansalada i el millor brou fet a casa? Que tenim unes bones i tradicionals faves a la catalana. \u00c9s un plat t\u00edpic del territori catal\u00e0 que encantar\u00e0 a qui el tasti.<\/p>","protected":false},"featured_media":58,"comment_status":"open","ping_status":"closed","template":"","meta":{"_et_pb_use_builder":"","_et_pb_old_content":"","_et_gb_content_width":"","_joinchat":[]},"product_brand":[],"product_cat":[17],"product_tag":[],"class_list":{"0":"post-28","1":"product","2":"type-product","3":"status-publish","4":"has-post-thumbnail","6":"product_cat-primeros","8":"first","9":"instock","10":"shipping-taxable","11":"purchasable","12":"product-type-simple"},"_links":{"self":[{"href":"https:\/\/comarruga80.cat\/ca\/wp-json\/wp\/v2\/product\/28","targetHints":{"allow":["GET"]}}],"collection":[{"href":"https:\/\/comarruga80.cat\/ca\/wp-json\/wp\/v2\/product"}],"about":[{"href":"https:\/\/comarruga80.cat\/ca\/wp-json\/wp\/v2\/types\/product"}],"replies":[{"embeddable":true,"href":"https:\/\/comarruga80.cat\/ca\/wp-json\/wp\/v2\/comments?post=28"}],"wp:featuredmedia":[{"embeddable":true,"href":"https:\/\/comarruga80.cat\/ca\/wp-json\/wp\/v2\/media\/58"}],"wp:attachment":[{"href":"https:\/\/comarruga80.cat\/ca\/wp-json\/wp\/v2\/media?parent=28"}],"wp:term":[{"taxonomy":"product_brand","embeddable":true,"href":"https:\/\/comarruga80.cat\/ca\/wp-json\/wp\/v2\/product_brand?post=28"},{"taxonomy":"product_cat","embeddable":true,"href":"https:\/\/comarruga80.cat\/ca\/wp-json\/wp\/v2\/product_cat?post=28"},{"taxonomy":"product_tag","embeddable":true,"href":"https:\/\/comarruga80.cat\/ca\/wp-json\/wp\/v2\/product_tag?post=28"}],"curies":[{"name":"wp","href":"https:\/\/api.w.org\/{rel}","templated":true}]}}