{"id":27,"date":"2022-10-27T14:47:31","date_gmt":"2022-10-27T14:47:31","guid":{"rendered":"https:\/\/comarruga80.cat\/?post_type=product&#038;p=27"},"modified":"2025-12-02T15:13:13","modified_gmt":"2025-12-02T15:13:13","slug":"canelones-de-carne","status":"publish","type":"product","link":"https:\/\/comarruga80.cat\/ca\/producto\/canelones-de-carne","title":{"rendered":"Canelons de carn"},"content":{"rendered":"<p><strong style=\"font-size: 20px !important;\">3 unidades<\/strong><\/p>\n<p><img loading=\"lazy\" decoding=\"async\" class=\"alignnone size-full wp-image-1695\" src=\"https:\/\/cdn.comarruga80.cat\/wp-content\/uploads\/2022\/10\/Comarruga-24.png\" alt=\"\" width=\"106\" height=\"40\" \/><img loading=\"lazy\" decoding=\"async\" class=\"alignnone size-full wp-image-1698\" src=\"https:\/\/cdn.comarruga80.cat\/wp-content\/uploads\/2022\/10\/Comarruga-27.png\" alt=\"\" width=\"116\" height=\"40\" \/><\/p>","protected":false},"excerpt":{"rendered":"<p>Canelons fet a casa tradicionals amb recepta pr\u00f2pia. El secret de la seva cremositat est\u00e0 en que est\u00e0n fets totalment a m\u00e0, des de la preparaci\u00f3 de la massa de la carn fins a la beixamel. A m\u00e9s, els fornejem i gratinem fins a deixar-los al seu punt. T\u2019encantar\u00e0n!<\/p>","protected":false},"featured_media":57,"comment_status":"open","ping_status":"closed","template":"","meta":{"_et_pb_use_builder":"","_et_pb_old_content":"","_et_gb_content_width":"","_joinchat":[]},"product_brand":[],"product_cat":[17],"product_tag":[],"class_list":{"0":"post-27","1":"product","2":"type-product","3":"status-publish","4":"has-post-thumbnail","6":"product_cat-primeros","8":"first","9":"instock","10":"shipping-taxable","11":"purchasable","12":"product-type-simple"},"_links":{"self":[{"href":"https:\/\/comarruga80.cat\/ca\/wp-json\/wp\/v2\/product\/27","targetHints":{"allow":["GET"]}}],"collection":[{"href":"https:\/\/comarruga80.cat\/ca\/wp-json\/wp\/v2\/product"}],"about":[{"href":"https:\/\/comarruga80.cat\/ca\/wp-json\/wp\/v2\/types\/product"}],"replies":[{"embeddable":true,"href":"https:\/\/comarruga80.cat\/ca\/wp-json\/wp\/v2\/comments?post=27"}],"wp:featuredmedia":[{"embeddable":true,"href":"https:\/\/comarruga80.cat\/ca\/wp-json\/wp\/v2\/media\/57"}],"wp:attachment":[{"href":"https:\/\/comarruga80.cat\/ca\/wp-json\/wp\/v2\/media?parent=27"}],"wp:term":[{"taxonomy":"product_brand","embeddable":true,"href":"https:\/\/comarruga80.cat\/ca\/wp-json\/wp\/v2\/product_brand?post=27"},{"taxonomy":"product_cat","embeddable":true,"href":"https:\/\/comarruga80.cat\/ca\/wp-json\/wp\/v2\/product_cat?post=27"},{"taxonomy":"product_tag","embeddable":true,"href":"https:\/\/comarruga80.cat\/ca\/wp-json\/wp\/v2\/product_tag?post=27"}],"curies":[{"name":"wp","href":"https:\/\/api.w.org\/{rel}","templated":true}]}}