{"id":25,"date":"2022-10-27T14:47:31","date_gmt":"2022-10-27T14:47:31","guid":{"rendered":"https:\/\/comarruga80.cat\/?post_type=product&#038;p=25"},"modified":"2024-12-14T17:46:25","modified_gmt":"2024-12-14T17:46:25","slug":"empanadillas-de-atun","status":"publish","type":"product","link":"https:\/\/comarruga80.cat\/ca\/producto\/empanadillas-de-atun","title":{"rendered":"Crestes de tonyina"},"content":{"rendered":"<p>6 unidades. 100g<br \/>\n<img loading=\"lazy\" decoding=\"async\" class=\"alignnone size-full wp-image-426\" src=\"https:\/\/cdn.comarruga80.cat\/wp-content\/uploads\/2020\/07\/gluten-free.jpg\" alt=\"\" width=\"80\" height=\"76\" \/> <img loading=\"lazy\" decoding=\"async\" class=\"alignnone size-full wp-image-420\" src=\"https:\/\/cdn.comarruga80.cat\/wp-content\/uploads\/2020\/07\/huevos.jpg\" alt=\"\" width=\"80\" height=\"76\" \/> <img loading=\"lazy\" decoding=\"async\" class=\"alignnone size-full wp-image-419\" src=\"https:\/\/cdn.comarruga80.cat\/wp-content\/uploads\/2020\/07\/pescado.jpg\" alt=\"\" width=\"80\" height=\"76\" \/><\/p>\n<p>Puede contener trazas de :<\/p>\n<p><img loading=\"lazy\" decoding=\"async\" class=\"alignnone size-full wp-image-421\" src=\"https:\/\/cdn.comarruga80.cat\/wp-content\/uploads\/2020\/07\/crustaceos.jpg\" alt=\"\" width=\"80\" height=\"76\" \/> <img loading=\"lazy\" decoding=\"async\" class=\"alignnone size-full wp-image-422\" src=\"https:\/\/cdn.comarruga80.cat\/wp-content\/uploads\/2020\/07\/soja.jpg\" alt=\"\" width=\"80\" height=\"76\" \/> <img loading=\"lazy\" decoding=\"async\" class=\"alignnone size-full wp-image-428\" src=\"https:\/\/cdn.comarruga80.cat\/wp-content\/uploads\/2020\/07\/lacteos.jpg\" alt=\"\" width=\"80\" height=\"76\" \/> <img loading=\"lazy\" decoding=\"async\" class=\"alignnone size-full wp-image-423\" src=\"https:\/\/cdn.comarruga80.cat\/wp-content\/uploads\/2020\/07\/moluscos.jpg\" alt=\"\" width=\"80\" height=\"76\" \/><\/p>","protected":false},"excerpt":{"rendered":"<p>La cl\u00e0ssica cresta farcida de tonyina i tom\u00e0quet. \u00c9s una mossada plena de sabor que es desf\u00e0 a la boca suaument.<\/p>","protected":false},"featured_media":55,"comment_status":"open","ping_status":"closed","template":"","meta":{"_et_pb_use_builder":"","_et_pb_old_content":"","_et_gb_content_width":"","_joinchat":[]},"product_brand":[],"product_cat":[16],"product_tag":[],"class_list":{"0":"post-25","1":"product","2":"type-product","3":"status-publish","4":"has-post-thumbnail","6":"product_cat-entrantes-y-acompanamientos","8":"first","9":"instock","10":"shipping-taxable","11":"purchasable","12":"product-type-simple"},"_links":{"self":[{"href":"https:\/\/comarruga80.cat\/ca\/wp-json\/wp\/v2\/product\/25","targetHints":{"allow":["GET"]}}],"collection":[{"href":"https:\/\/comarruga80.cat\/ca\/wp-json\/wp\/v2\/product"}],"about":[{"href":"https:\/\/comarruga80.cat\/ca\/wp-json\/wp\/v2\/types\/product"}],"replies":[{"embeddable":true,"href":"https:\/\/comarruga80.cat\/ca\/wp-json\/wp\/v2\/comments?post=25"}],"wp:featuredmedia":[{"embeddable":true,"href":"https:\/\/comarruga80.cat\/ca\/wp-json\/wp\/v2\/media\/55"}],"wp:attachment":[{"href":"https:\/\/comarruga80.cat\/ca\/wp-json\/wp\/v2\/media?parent=25"}],"wp:term":[{"taxonomy":"product_brand","embeddable":true,"href":"https:\/\/comarruga80.cat\/ca\/wp-json\/wp\/v2\/product_brand?post=25"},{"taxonomy":"product_cat","embeddable":true,"href":"https:\/\/comarruga80.cat\/ca\/wp-json\/wp\/v2\/product_cat?post=25"},{"taxonomy":"product_tag","embeddable":true,"href":"https:\/\/comarruga80.cat\/ca\/wp-json\/wp\/v2\/product_tag?post=25"}],"curies":[{"name":"wp","href":"https:\/\/api.w.org\/{rel}","templated":true}]}}