{"id":20,"date":"2022-10-27T14:47:30","date_gmt":"2022-10-27T14:47:30","guid":{"rendered":"https:\/\/comarruga80.cat\/?post_type=product&#038;p=20"},"modified":"2025-05-16T15:05:44","modified_gmt":"2025-05-16T15:05:44","slug":"patatas-bravas","status":"publish","type":"product","link":"https:\/\/comarruga80.cat\/ca\/producto\/patatas-bravas","title":{"rendered":"Patates braves"},"content":{"rendered":"<p><strong style=\"font-size: 20px !important;\">250g<\/strong><\/p>\n<p><img loading=\"lazy\" decoding=\"async\" class=\"alignnone size-full wp-image-1695\" src=\"https:\/\/cdn.comarruga80.cat\/wp-content\/uploads\/2022\/10\/Comarruga-24.png\" alt=\"\" width=\"106\" height=\"40\" \/><img loading=\"lazy\" decoding=\"async\" class=\"alignnone size-full wp-image-1691\" src=\"https:\/\/cdn.comarruga80.cat\/wp-content\/uploads\/2022\/10\/Comarruga-20.png\" alt=\"\" width=\"172\" height=\"40\" \/><img loading=\"lazy\" decoding=\"async\" class=\"alignnone size-full wp-image-1690\" src=\"https:\/\/cdn.comarruga80.cat\/wp-content\/uploads\/2022\/10\/Comarruga-19.png\" alt=\"\" width=\"110\" height=\"40\" \/><\/p>\n<p><strong style=\"font-size: 20px !important;\">Puede contener trazas de<\/strong><\/p>\n<p><img loading=\"lazy\" decoding=\"async\" class=\"alignnone size-full wp-image-1699\" src=\"https:\/\/cdn.comarruga80.cat\/wp-content\/uploads\/2022\/10\/Comarruga-28.png\" alt=\"\" width=\"118\" height=\"40\" \/><\/p>","protected":false},"excerpt":{"rendered":"<p>Hi han algunes coses que no podem rempla\u00e7ar mai\u2026 i despr\u00e8s ens trovem amb les nostres patates braves. No poden mancar en cap ocasi\u00f3: ja sigui per picar alguna cosa, com a entrant o com a acompanyament. Quan provis la nostra salsa voldr\u00e0s repetir!<\/p>","protected":false},"featured_media":50,"comment_status":"open","ping_status":"closed","template":"","meta":{"_et_pb_use_builder":"","_et_pb_old_content":"","_et_gb_content_width":"","_joinchat":[]},"product_brand":[],"product_cat":[16],"product_tag":[],"class_list":{"0":"post-20","1":"product","2":"type-product","3":"status-publish","4":"has-post-thumbnail","6":"product_cat-entrantes-y-acompanamientos","8":"first","9":"instock","10":"shipping-taxable","11":"purchasable","12":"product-type-simple"},"_links":{"self":[{"href":"https:\/\/comarruga80.cat\/ca\/wp-json\/wp\/v2\/product\/20","targetHints":{"allow":["GET"]}}],"collection":[{"href":"https:\/\/comarruga80.cat\/ca\/wp-json\/wp\/v2\/product"}],"about":[{"href":"https:\/\/comarruga80.cat\/ca\/wp-json\/wp\/v2\/types\/product"}],"replies":[{"embeddable":true,"href":"https:\/\/comarruga80.cat\/ca\/wp-json\/wp\/v2\/comments?post=20"}],"wp:featuredmedia":[{"embeddable":true,"href":"https:\/\/comarruga80.cat\/ca\/wp-json\/wp\/v2\/media\/50"}],"wp:attachment":[{"href":"https:\/\/comarruga80.cat\/ca\/wp-json\/wp\/v2\/media?parent=20"}],"wp:term":[{"taxonomy":"product_brand","embeddable":true,"href":"https:\/\/comarruga80.cat\/ca\/wp-json\/wp\/v2\/product_brand?post=20"},{"taxonomy":"product_cat","embeddable":true,"href":"https:\/\/comarruga80.cat\/ca\/wp-json\/wp\/v2\/product_cat?post=20"},{"taxonomy":"product_tag","embeddable":true,"href":"https:\/\/comarruga80.cat\/ca\/wp-json\/wp\/v2\/product_tag?post=20"}],"curies":[{"name":"wp","href":"https:\/\/api.w.org\/{rel}","templated":true}]}}