{"id":15,"date":"2022-10-27T14:47:29","date_gmt":"2022-10-27T14:47:29","guid":{"rendered":"https:\/\/comarruga80.cat\/?post_type=product&#038;p=15"},"modified":"2025-05-16T15:18:29","modified_gmt":"2025-05-16T15:18:29","slug":"ensalada-de-patatas","status":"publish","type":"product","link":"https:\/\/comarruga80.cat\/ca\/producto\/ensalada-de-patatas","title":{"rendered":"Amanida de patates"},"content":{"rendered":"<p><strong style=\"font-size: 20px !important;\">200g<\/strong><\/p>\n<p><img loading=\"lazy\" decoding=\"async\" class=\"alignnone size-full wp-image-1699\" src=\"https:\/\/cdn.comarruga80.cat\/wp-content\/uploads\/2022\/10\/Comarruga-28.png\" alt=\"\" width=\"118\" height=\"40\" \/><img loading=\"lazy\" decoding=\"async\" class=\"alignnone size-full wp-image-1690\" src=\"https:\/\/cdn.comarruga80.cat\/wp-content\/uploads\/2022\/10\/Comarruga-19.png\" alt=\"\" width=\"110\" height=\"40\" \/><\/p>","protected":false},"excerpt":{"rendered":"<p>Tamb\u00e9 dins de les amanides d\u2019estiu, aquesta amanida de patates \u00e9s un plat lleuger i fresc per gaudir com a menjar principal o acompanyament. Est\u00e0 feta amb patata cuita, olives, tom\u00e0quet, ou dur i tonyina.<\/p>","protected":false},"featured_media":45,"comment_status":"open","ping_status":"closed","template":"","meta":{"_et_pb_use_builder":"","_et_pb_old_content":"","_et_gb_content_width":"","_joinchat":[]},"product_brand":[],"product_cat":[16],"product_tag":[],"class_list":{"0":"post-15","1":"product","2":"type-product","3":"status-publish","4":"has-post-thumbnail","6":"product_cat-entrantes-y-acompanamientos","8":"first","9":"instock","10":"shipping-taxable","11":"purchasable","12":"product-type-simple"},"_links":{"self":[{"href":"https:\/\/comarruga80.cat\/ca\/wp-json\/wp\/v2\/product\/15","targetHints":{"allow":["GET"]}}],"collection":[{"href":"https:\/\/comarruga80.cat\/ca\/wp-json\/wp\/v2\/product"}],"about":[{"href":"https:\/\/comarruga80.cat\/ca\/wp-json\/wp\/v2\/types\/product"}],"replies":[{"embeddable":true,"href":"https:\/\/comarruga80.cat\/ca\/wp-json\/wp\/v2\/comments?post=15"}],"wp:featuredmedia":[{"embeddable":true,"href":"https:\/\/comarruga80.cat\/ca\/wp-json\/wp\/v2\/media\/45"}],"wp:attachment":[{"href":"https:\/\/comarruga80.cat\/ca\/wp-json\/wp\/v2\/media?parent=15"}],"wp:term":[{"taxonomy":"product_brand","embeddable":true,"href":"https:\/\/comarruga80.cat\/ca\/wp-json\/wp\/v2\/product_brand?post=15"},{"taxonomy":"product_cat","embeddable":true,"href":"https:\/\/comarruga80.cat\/ca\/wp-json\/wp\/v2\/product_cat?post=15"},{"taxonomy":"product_tag","embeddable":true,"href":"https:\/\/comarruga80.cat\/ca\/wp-json\/wp\/v2\/product_tag?post=15"}],"curies":[{"name":"wp","href":"https:\/\/api.w.org\/{rel}","templated":true}]}}