{"id":2135,"date":"2022-11-10T13:14:18","date_gmt":"2022-11-10T13:14:18","guid":{"rendered":"https:\/\/comarruga80.cat\/?page_id=2135"},"modified":"2022-11-10T14:23:39","modified_gmt":"2022-11-10T14:23:39","slug":"politica-de-cookies","status":"publish","type":"page","link":"https:\/\/comarruga80.cat\/ca\/politica-de-cookies","title":{"rendered":"Pol\u00edtica de cookies"},"content":{"rendered":"<p>[et_pb_section fb_built=\u00bb1&#8243; _builder_version=\u00bb4.18.1&#8243; _module_preset=\u00bbdefault\u00bb background_color=\u00bb#E2231A\u00bb global_colors_info=\u00bb{}\u00bb locked=\u00bboff\u00bb][et_pb_row custom_padding_last_edited=\u00bbon|phone\u00bb _builder_version=\u00bb4.18.1&#8243; _module_preset=\u00bbdefault\u00bb custom_padding_tablet=\u00bb\u00bb custom_padding_phone=\u00bb20px||20px||true|false\u00bb global_colors_info=\u00bb{}\u00bb][et_pb_column type=\u00bb4_4&#8243; _builder_version=\u00bb4.18.1&#8243; _module_preset=\u00bbdefault\u00bb global_colors_info=\u00bb{}\u00bb][\/et_pb_column][\/et_pb_row][\/et_pb_section][et_pb_section fb_built=\u00bb1&#8243; _builder_version=\u00bb4.19.0&#8243; _module_preset=\u00bbdefault\u00bb global_colors_info=\u00bb{}\u00bb locked=\u00bboff\u00bb][et_pb_row use_custom_gutter=\u00bbon\u00bb gutter_width=\u00bb1&#8243; make_equal=\u00bbon\u00bb custom_padding_last_edited=\u00bbon|phone\u00bb _builder_version=\u00bb4.19.0&#8243; _module_preset=\u00bbdefault\u00bb background_color=\u00bb#EAEAEA\u00bb width_tablet=\u00bb\u00bb width_phone=\u00bb90%\u00bb width_last_edited=\u00bbon|phone\u00bb max_width=\u00bb1440px\u00bb custom_padding=\u00bb50px|50px|50px|50px|true|true\u00bb custom_padding_tablet=\u00bb50px|50px|50px|50px|true|true\u00bb custom_padding_phone=\u00bb25px|25px|25px|25px|true|true\u00bb border_radii=\u00bbon|20px|20px|20px|20px\u00bb global_colors_info=\u00bb{}\u00bb][et_pb_column type=\u00bb4_4&#8243; _builder_version=\u00bb4.19.0&#8243; _module_preset=\u00bbdefault\u00bb global_colors_info=\u00bb{}\u00bb][et_pb_text _builder_version=\u00bb4.19.0&#8243; _module_preset=\u00bbdefault\u00bb header_4_font=\u00bbMontserrat|300|||||||\u00bb header_4_text_align=\u00bbleft\u00bb header_4_font_size=\u00bb32px\u00bb width_tablet=\u00bb\u00bb width_phone=\u00bb100%\u00bb width_last_edited=\u00bbon|phone\u00bb hover_enabled=\u00bb0&#8243; global_colors_info=\u00bb{}\u00bb sticky_enabled=\u00bb0&#8243;]<\/p>\n<header class=\"entry-header ast-no-thumbnail ast-no-meta\">\n<h4 class=\"entry-title\" itemprop=\"headline\">Pol\u00edtica de cookies<\/h4>\n<\/header>\n<div class=\"entry-content clear\" itemprop=\"text\"><\/div>\n<p>[\/et_pb_text][et_pb_text _builder_version=\u00bb4.19.0&#8243; _module_preset=\u00bbdefault\u00bb text_font=\u00bbMontserrat|300|||||||\u00bb link_font=\u00bbMontserrat|300|||||||\u00bb link_text_align=\u00bbleft\u00bb link_text_color=\u00bb#E2231A\u00bb width_tablet=\u00bb\u00bb width_phone=\u00bb100%\u00bb width_last_edited=\u00bbon|phone\u00bb custom_margin=\u00bb20px||||false|false\u00bb hover_enabled=\u00bb0&#8243; global_colors_info=\u00bb{}\u00bb sticky_enabled=\u00bb0&#8243;]<\/p>\n<p><strong>Informaci\u00f3n que recopilamos:<\/strong><br \/>Recopilaremos y procesaremos la siguiente informaci\u00f3n personal sobre usted:<\/p>\n<ul>\n<li>Nombre<\/li>\n<li>Correo electr\u00f3nico<\/li>\n<li>Informaci\u00f3n de pago<\/li>\n<\/ul>\n<p>C\u00f3mo recopilamos su informaci\u00f3n:<br \/>Recopilamos\/recibimos informaci\u00f3n sobre usted de la siguiente manera:<\/p>\n<p>Cuando un usuario completa el formulario de registro o env\u00eda informaci\u00f3n personal<br \/>Interact\u00faa con el sitio web<br \/>De fuentes p\u00fablicas<\/p>\n<p>C\u00f3mo usamos su informaci\u00f3n:<br \/>Usaremos la informaci\u00f3n que recopilamos sobre usted para los siguientes prop\u00f3sitos:<\/p>\n<ul>\n<li>Mercadeo\/ Promocional<\/li>\n<li>Crear cuenta de usuario<\/li>\n<li>Recopilaci\u00f3n de comentarios de los clientes<\/li>\n<li>Procesando el pago<br \/>informaci\u00f3n de administraci\u00f3n<br \/>publicidad dirigida<\/li>\n<li>Si queremos usar su informaci\u00f3n para cualquier otro prop\u00f3sito, le pediremos su consentimiento y usaremos su informaci\u00f3n solo al recibir su consentimiento y luego, solo para los fines para los cuales otorgue el consentimiento, a menos que se nos solicite lo contrario por ley.<\/li>\n<\/ul>\n<p>C\u00f3mo compartimos su informaci\u00f3n:<br \/>No transferiremos su informaci\u00f3n personal a ning\u00fan tercero sin solicitar su consentimiento, excepto en las circunstancias limitadas que se describen a continuaci\u00f3n:<\/p>\n<p><strong>Anal\u00edtica<\/strong><br \/>Requerimos que dichos terceros usen la informaci\u00f3n personal que les transferimos solo para el prop\u00f3sito para el cual fue transferida y no la retengan por m\u00e1s tiempo del necesario para cumplir con dicho prop\u00f3sito.<br \/>Tambi\u00e9n podemos divulgar su informaci\u00f3n personal para lo siguiente: (1) para cumplir con la ley, regulaci\u00f3n, orden judicial u otro proceso legal aplicable; (2) para hacer cumplir sus acuerdos con nosotros, incluida esta Pol\u00edtica de privacidad; o (3) para responder a reclamos de que su uso del Servicio viola los derechos de terceros. Si el Servicio o nuestra empresa se fusionan o adquieren con otra empresa, su informaci\u00f3n ser\u00e1 uno de los activos que se transfieren al nuevo propietario.<\/p>\n<p>Retenci\u00f3n de su informaci\u00f3n:<br \/>Conservaremos su informaci\u00f3n personal con nosotros durante 90 d\u00edas a 2 a\u00f1os despu\u00e9s de que los usuarios cancelen sus cuentas o durante el tiempo que la necesitemos para cumplir con los fines para los que se recopil\u00f3, como se detalla en esta Pol\u00edtica de privacidad. Es posible que necesitemos conservar cierta informaci\u00f3n durante per\u00edodos m\u00e1s largos, como el mantenimiento de registros\/informes de acuerdo con la ley aplicable o por otras razones leg\u00edtimas, como el cumplimiento de los derechos legales, la prevenci\u00f3n del fraude, etc. Informaci\u00f3n an\u00f3nima residual e informaci\u00f3n agregada, ninguna de las cuales lo identifica (directa o indirectamente), puede almacenarse indefinidamente.<\/p>\n<p>Tus derechos:<br \/>Dependiendo de la ley que se aplique, puede tener derecho a acceder y rectificar o borrar sus datos personales o recibir una copia de sus datos personales, restringir u oponerse al procesamiento activo de sus datos, pedirnos que compartamos (portemos) su informaci\u00f3n personal informaci\u00f3n a otra entidad, retirar cualquier consentimiento que nos haya proporcionado para procesar sus datos, el derecho a presentar una queja ante una autoridad legal y cualquier otro derecho que pueda ser relevante seg\u00fan las leyes aplicables. Para ejercer estos derechos, puede escribirnos a suma@comarruga80.cat. Responderemos a su solicitud de acuerdo con la ley aplicable.<br \/>Puede optar por no recibir comunicaciones de marketing directo o la elaboraci\u00f3n de perfiles que realizamos con fines de marketing escribi\u00e9ndonos a suma@comarruga80.cat.<br \/>Tenga en cuenta que si no nos permite recopilar o procesar la informaci\u00f3n personal requerida o retirar el consentimiento para procesar la misma para los fines requeridos, es posible que no pueda acceder o utilizar los servicios para los que se solicit\u00f3 su informaci\u00f3n.<\/p>\n<p>Cookies<br \/>Para obtener m\u00e1s informaci\u00f3n sobre c\u00f3mo usamos estos y sus opciones en relaci\u00f3n con estas tecnolog\u00edas de seguimiento, consulte nuestra Pol\u00edtica de cookies.<\/p>\n<p>Seguridad:<br \/>La seguridad de su informaci\u00f3n es importante para nosotros y utilizaremos medidas de seguridad razonables para evitar la p\u00e9rdida, mal uso o alteraci\u00f3n no autorizada de su informaci\u00f3n bajo nuestro control. Sin embargo, dados los riesgos inherentes, no podemos garantizar la seguridad absoluta y, en consecuencia, no podemos asegurar ni garantizar la seguridad de cualquier informaci\u00f3n que nos transmita y lo hace a usted.<\/p>\n<p>[\/et_pb_text][\/et_pb_column][\/et_pb_row][\/et_pb_section]<\/p>\n","protected":false},"excerpt":{"rendered":"<p>Pol\u00edtica de cookies Informaci\u00f3n que recopilamos:Recopilaremos y procesaremos la siguiente informaci\u00f3n personal sobre usted: Nombre Correo electr\u00f3nico Informaci\u00f3n de pago C\u00f3mo recopilamos su informaci\u00f3n:Recopilamos\/recibimos informaci\u00f3n sobre usted de la siguiente manera: Cuando un usuario completa el formulario de registro o env\u00eda informaci\u00f3n personalInteract\u00faa con el sitio webDe fuentes p\u00fablicas C\u00f3mo usamos su informaci\u00f3n:Usaremos la informaci\u00f3n que recopilamos sobre usted para los siguientes prop\u00f3sitos: Mercadeo\/ Promocional Crear cuenta de usuario Recopilaci\u00f3n de comentarios de los clientes Procesando el pagoinformaci\u00f3n de administraci\u00f3npublicidad dirigida Si queremos usar su informaci\u00f3n para cualquier otro prop\u00f3sito, le pediremos su consentimiento y usaremos su informaci\u00f3n solo al recibir su consentimiento y luego, solo para los fines para los cuales otorgue el consentimiento, a menos que se nos solicite lo contrario por ley. C\u00f3mo compartimos su informaci\u00f3n:No transferiremos su informaci\u00f3n personal a ning\u00fan tercero sin solicitar su consentimiento, excepto en las circunstancias limitadas que se describen a continuaci\u00f3n: Anal\u00edticaRequerimos que dichos terceros usen la informaci\u00f3n personal que les transferimos solo para el prop\u00f3sito para el cual fue transferida y no la retengan por m\u00e1s tiempo del necesario para cumplir con dicho prop\u00f3sito.Tambi\u00e9n podemos divulgar su informaci\u00f3n personal para lo siguiente: (1) para cumplir con la ley, regulaci\u00f3n, orden [&hellip;]<\/p>\n","protected":false},"author":1,"featured_media":0,"parent":0,"menu_order":0,"comment_status":"closed","ping_status":"closed","template":"","meta":{"_et_pb_use_builder":"on","_et_pb_old_content":"","_et_gb_content_width":"","_joinchat":[],"footnotes":""},"dipi_cpt_category":[],"class_list":["post-2135","page","type-page","status-publish","hentry"],"_links":{"self":[{"href":"https:\/\/comarruga80.cat\/ca\/wp-json\/wp\/v2\/pages\/2135","targetHints":{"allow":["GET"]}}],"collection":[{"href":"https:\/\/comarruga80.cat\/ca\/wp-json\/wp\/v2\/pages"}],"about":[{"href":"https:\/\/comarruga80.cat\/ca\/wp-json\/wp\/v2\/types\/page"}],"author":[{"embeddable":true,"href":"https:\/\/comarruga80.cat\/ca\/wp-json\/wp\/v2\/users\/1"}],"replies":[{"embeddable":true,"href":"https:\/\/comarruga80.cat\/ca\/wp-json\/wp\/v2\/comments?post=2135"}],"version-history":[{"count":0,"href":"https:\/\/comarruga80.cat\/ca\/wp-json\/wp\/v2\/pages\/2135\/revisions"}],"wp:attachment":[{"href":"https:\/\/comarruga80.cat\/ca\/wp-json\/wp\/v2\/media?parent=2135"}],"wp:term":[{"taxonomy":"dipi_cpt_category","embeddable":true,"href":"https:\/\/comarruga80.cat\/ca\/wp-json\/wp\/v2\/dipi_cpt_category?post=2135"}],"curies":[{"name":"wp","href":"https:\/\/api.w.org\/{rel}","templated":true}]}}