{"id":2132,"date":"2022-11-10T13:13:59","date_gmt":"2022-11-10T13:13:59","guid":{"rendered":"https:\/\/comarruga80.cat\/?page_id=2132"},"modified":"2022-11-10T14:05:31","modified_gmt":"2022-11-10T14:05:31","slug":"aviso-legal","status":"publish","type":"page","link":"https:\/\/comarruga80.cat\/ca\/aviso-legal","title":{"rendered":"Aviso legal"},"content":{"rendered":"<p>[et_pb_section fb_built=\u00bb1&#8243; _builder_version=\u00bb4.18.1&#8243; _module_preset=\u00bbdefault\u00bb background_color=\u00bb#E2231A\u00bb global_colors_info=\u00bb{}\u00bb locked=\u00bboff\u00bb theme_builder_area=\u00bbpost_content\u00bb][et_pb_row custom_padding_last_edited=\u00bbon|phone\u00bb _builder_version=\u00bb4.18.1&#8243; _module_preset=\u00bbdefault\u00bb custom_padding_tablet=\u00bb\u00bb custom_padding_phone=\u00bb20px||20px||true|false\u00bb global_colors_info=\u00bb{}\u00bb theme_builder_area=\u00bbpost_content\u00bb][et_pb_column type=\u00bb4_4&#8243; _builder_version=\u00bb4.18.1&#8243; _module_preset=\u00bbdefault\u00bb global_colors_info=\u00bb{}\u00bb theme_builder_area=\u00bbpost_content\u00bb][\/et_pb_column][\/et_pb_row][\/et_pb_section][et_pb_section fb_built=\u00bb1&#8243; theme_builder_area=\u00bbpost_content\u00bb _builder_version=\u00bb4.19.0&#8243; _module_preset=\u00bbdefault\u00bb locked=\u00bboff\u00bb][et_pb_row _builder_version=\u00bb4.19.0&#8243; _module_preset=\u00bbdefault\u00bb theme_builder_area=\u00bbpost_content\u00bb background_color=\u00bb#EAEAEA\u00bb use_custom_gutter=\u00bbon\u00bb make_equal=\u00bbon\u00bb gutter_width=\u00bb1&#8243; max_width=\u00bb1440px\u00bb border_radii=\u00bbon|20px|20px|20px|20px\u00bb custom_padding=\u00bb50px|50px|50px|50px|true|true\u00bb hover_enabled=\u00bb0&#8243; sticky_enabled=\u00bb0&#8243; width_last_edited=\u00bbon|phone\u00bb width_phone=\u00bb90%\u00bb custom_padding_last_edited=\u00bbon|phone\u00bb custom_padding_phone=\u00bb25px|25px|25px|25px|true|true\u00bb custom_padding_tablet=\u00bb50px|50px|50px|50px|true|true\u00bb][et_pb_column _builder_version=\u00bb4.19.0&#8243; _module_preset=\u00bbdefault\u00bb type=\u00bb4_4&#8243; theme_builder_area=\u00bbpost_content\u00bb][et_pb_text _builder_version=\u00bb4.19.0&#8243; _module_preset=\u00bbdefault\u00bb theme_builder_area=\u00bbpost_content\u00bb header_4_font=\u00bbMontserrat|300|||||||\u00bb hover_enabled=\u00bb0&#8243; sticky_enabled=\u00bb0&#8243; header_4_font_size=\u00bb32px\u00bb header_4_text_align=\u00bbleft\u00bb width_last_edited=\u00bbon|phone\u00bb width_phone=\u00bb100%\u00bb]<\/p>\n<header class=\"entry-header ast-no-thumbnail ast-no-meta\">\n<h4 class=\"entry-title\" itemprop=\"headline\">Aviso legal<\/h4>\n<\/header>\n<div class=\"entry-content clear\" itemprop=\"text\"><\/div>\n<p>[\/et_pb_text][et_pb_text _builder_version=\u00bb4.19.0&#8243; _module_preset=\u00bbdefault\u00bb theme_builder_area=\u00bbpost_content\u00bb text_font=\u00bbMontserrat|300|||||||\u00bb custom_margin=\u00bb20px||||false|false\u00bb link_font=\u00bbMontserrat|300|||||||\u00bb link_text_align=\u00bbleft\u00bb link_text_color=\u00bb#E2231A\u00bb hover_enabled=\u00bb0&#8243; sticky_enabled=\u00bb0&#8243; width_last_edited=\u00bbon|phone\u00bb width_phone=\u00bb100%\u00bb]<\/p>\n<ul>\n<li><strong>DATOS DE LA EMPRESA<\/strong><\/li>\n<\/ul>\n<p>En cumplimiento del art\u00edculo 10 de la Ley 34\/2002, de 11 de julio, de Servicios de la Sociedad de la Informaci\u00f3n y Comercio Electr\u00f3nico, COMARRUGA 80, S.L.\u00a0 le informa que se encuentra inscrita en el Registro Mercantil de Tarragona, siendo sus datos identificativos los siguientes:<\/p>\n<p>Denominaci\u00f3n social: COMARRUGA 80, S.L.<\/p>\n<p>C.I.F.: B43501006<\/p>\n<p>Domicilio social: AVINGUDA PARLAMENT DE CATALUNYA, 6 43880 \u2013 COMARRUGA (TARRAGONA)\u00a0<\/p>\n<p>Tel\u00e9fono: 977680289<\/p>\n<p>Correo electr\u00f3nico a efectos de comunicaci\u00f3n: comarruga80@gmail.com<\/p>\n<p>Todas las notificaciones y comunicaciones entre los usuarios y COMARRUGA 80, S.L. se considerar\u00e1n eficaces, a todos los efectos, cuando se realicen a trav\u00e9s de correo postal o cualquier otro medio de los detallados anteriormente.<\/p>\n<ul>\n<li><strong>CONDICIONES DE ACCESO Y UTILIZACI\u00d3N<\/strong><\/li>\n<\/ul>\n<p>El presente aviso legal regula el uso del sitio web COMARRUGA80.CAT (en adelante, LA WEB), del que es titular COMARRUGA 80, S.L.<\/p>\n<p>La navegaci\u00f3n por la web de COMARRUGA 80, S.L. atribuye la condici\u00f3n de usuario del mismo e implica la aceptaci\u00f3n plena y sin reservas de todas y cada una de las disposiciones incluidas en este Aviso Legal, que pueden sufrir modificaciones.<\/p>\n<p>El sitio web y sus servicios son de acceso libre y gratuito, no obstante, COMARRUGA 80, S.L. condiciona la utilizaci\u00f3n de algunos de los servicios ofrecidos en su web a la previa cumplimentaci\u00f3n del correspondiente formulario.<\/p>\n<p>Todos los contenidos del sitio web, como textos, fotograf\u00edas, gr\u00e1ficos, im\u00e1genes, iconos, tecnolog\u00eda, software, as\u00ed como su dise\u00f1o y c\u00f3digos fuente, constituyen una obra cuya propiedad pertenece a COMARRUGA 80, S.L., sin que puedan entenderse cedidos al usuario ninguno de los derechos de explotaci\u00f3n sobre los mismos m\u00e1s all\u00e1 de lo estrictamente necesario para el correcto uso de la web.<\/p>\n<p>El usuario garantiza la autenticidad y actualidad de todos aquellos datos que comunique a COMARRUGA 80, S.L. y ser\u00e1 el \u00fanico responsable de las manifestaciones falsas o inexactas que realice.<\/p>\n<p>El usuario se obliga a hacer un uso correcto del sitio web de conformidad con las leyes, la buena fe, el orden p\u00fablico, los usos del tr\u00e1fico y el presente Aviso Legal. El usuario responder\u00e1 frente a COMARRUGA 80, S.L. o frente a terceros, de cualesquiera da\u00f1os y perjuicios que pudieran causarse como consecuencia del incumplimiento de dicha obligaci\u00f3n.<\/p>\n<ul>\n<li><strong>POL\u00cdTICA DE ENLACES Y EXENCIONES DE RESPONSABILIDADES<\/strong><\/li>\n<\/ul>\n<p>COMARRUGA 80, S.L. no se hace responsable del contenido de las p\u00e1ginas web a las que el usuario pueda acceder a trav\u00e9s de los enlaces establecidos en LA WEB y declara que en ning\u00fan caso proceder\u00e1 a examinar o ejercitar ning\u00fan tipo de control sobre el contenido de otras p\u00e1ginas de la red. Asimismo, tampoco garantizar\u00e1 la disponibilidad t\u00e9cnica, exactitud, veracidad, validez o legalidad de p\u00e1ginas ajenas a su propiedad a las que se pueda acceder por medio de los enlaces.<\/p>\n<p>COMARRUGA 80, S.L. declara haber adoptado todas las medidas necesarias para evitar cualesquiera da\u00f1os que, a los usuarios de LA WEB, pudieran derivarse de la navegaci\u00f3n por la misma. En consecuencia, COMARRUGA 80, S.L. no se hace responsable, en ning\u00fan caso, de los eventuales da\u00f1os que por la navegaci\u00f3n por Internet pudiera sufrir el usuario.<\/p>\n<ul>\n<li><strong>USO DE COOKIES Y DATOS ESTAD\u00cdSTICOS<\/strong><\/li>\n<\/ul>\n<p>Esta p\u00e1gina web puede recoger datos de sus visitantes por medio del uso de cookies. Consultar la<span>\u00a0<\/span><strong><u>pol\u00edtica de cookies<\/u><\/strong>, en su caso.<\/p>\n<p>El usuario tiene la posibilidad de configurar su navegador de modo que se le informe de la recepci\u00f3n de cookies, pudiendo, si as\u00ed lo desea, impedir que sean instaladas en su disco duro.<\/p>\n<ul>\n<li><strong>PROTECCI\u00d3N DE DATOS<\/strong><\/li>\n<\/ul>\n<p>En el caso de que en la web se recojan datos de car\u00e1cter personal, para m\u00e1s informaci\u00f3n consultar la<span>\u00a0<\/span><strong><u><a href=\"https:\/\/comarruga80.cat\/politica-privacidad\" data-type=\"URL\" data-id=\"https:\/\/comarruga80.cat\/politica-privacidad\">pol\u00edtica de privacidad<\/a><\/u><\/strong>.<\/p>\n<p>[\/et_pb_text][\/et_pb_column][\/et_pb_row][\/et_pb_section]<\/p>\n","protected":false},"excerpt":{"rendered":"<p>Aviso legal DATOS DE LA EMPRESA En cumplimiento del art\u00edculo 10 de la Ley 34\/2002, de 11 de julio, de Servicios de la Sociedad de la Informaci\u00f3n y Comercio Electr\u00f3nico, COMARRUGA 80, S.L.\u00a0 le informa que se encuentra inscrita en el Registro Mercantil de Tarragona, siendo sus datos identificativos los siguientes: Denominaci\u00f3n social: COMARRUGA 80, S.L. C.I.F.: B43501006 Domicilio social: AVINGUDA PARLAMENT DE CATALUNYA, 6 43880 \u2013 COMARRUGA (TARRAGONA)\u00a0 Tel\u00e9fono: 977680289 Correo electr\u00f3nico a efectos de comunicaci\u00f3n: comarruga80@gmail.com Todas las notificaciones y comunicaciones entre los usuarios y COMARRUGA 80, S.L. se considerar\u00e1n eficaces, a todos los efectos, cuando se realicen a trav\u00e9s de correo postal o cualquier otro medio de los detallados anteriormente. CONDICIONES DE ACCESO Y UTILIZACI\u00d3N El presente aviso legal regula el uso del sitio web COMARRUGA80.CAT (en adelante, LA WEB), del que es titular COMARRUGA 80, S.L. La navegaci\u00f3n por la web de COMARRUGA 80, S.L. atribuye la condici\u00f3n de usuario del mismo e implica la aceptaci\u00f3n plena y sin reservas de todas y cada una de las disposiciones incluidas en este Aviso Legal, que pueden sufrir modificaciones. El sitio web y sus servicios son de acceso libre y gratuito, no obstante, COMARRUGA 80, S.L. condiciona la [&hellip;]<\/p>\n","protected":false},"author":1,"featured_media":0,"parent":0,"menu_order":0,"comment_status":"closed","ping_status":"closed","template":"","meta":{"_et_pb_use_builder":"on","_et_pb_old_content":"","_et_gb_content_width":"","_joinchat":[],"footnotes":""},"dipi_cpt_category":[],"class_list":["post-2132","page","type-page","status-publish","hentry"],"_links":{"self":[{"href":"https:\/\/comarruga80.cat\/ca\/wp-json\/wp\/v2\/pages\/2132","targetHints":{"allow":["GET"]}}],"collection":[{"href":"https:\/\/comarruga80.cat\/ca\/wp-json\/wp\/v2\/pages"}],"about":[{"href":"https:\/\/comarruga80.cat\/ca\/wp-json\/wp\/v2\/types\/page"}],"author":[{"embeddable":true,"href":"https:\/\/comarruga80.cat\/ca\/wp-json\/wp\/v2\/users\/1"}],"replies":[{"embeddable":true,"href":"https:\/\/comarruga80.cat\/ca\/wp-json\/wp\/v2\/comments?post=2132"}],"version-history":[{"count":0,"href":"https:\/\/comarruga80.cat\/ca\/wp-json\/wp\/v2\/pages\/2132\/revisions"}],"wp:attachment":[{"href":"https:\/\/comarruga80.cat\/ca\/wp-json\/wp\/v2\/media?parent=2132"}],"wp:term":[{"taxonomy":"dipi_cpt_category","embeddable":true,"href":"https:\/\/comarruga80.cat\/ca\/wp-json\/wp\/v2\/dipi_cpt_category?post=2132"}],"curies":[{"name":"wp","href":"https:\/\/api.w.org\/{rel}","templated":true}]}}